{"id":148,"date":"2017-05-10T22:18:31","date_gmt":"2017-05-10T22:18:31","guid":{"rendered":"http:\/\/solopine.com\/alder\/?page_id=148"},"modified":"2022-01-24T13:18:26","modified_gmt":"2022-01-24T12:18:26","slug":"horoskopy","status":"publish","type":"page","link":"https:\/\/www.magickazena.sk\/magazin\/horoskopy\/","title":{"rendered":"Horoskopy"},"content":{"rendered":"<p>V\u00a0ka\u017edom \u010d\u00edsle Magickej \u017eeny n\u00e1jdete podrobn\u00e9 horoskopy na najbli\u017e\u0161ie tri mesiace, vypracovan\u00e9 pod\u013ea postavenia plan\u00e9t i <strong>v\u00fdkladu tarotov\u00fdch kariet<\/strong>. Pripravuj\u00fa ich pre V\u00e1s <em>profesion\u00e1lni astrol\u00f3govia<\/em> a ve\u0161tci, na ktor\u00fdch sa m\u00f4\u017eete i osobne obr\u00e1ti\u0165. Nech\u00fdbaj\u00fa ani vz\u00e1cne rady pre ka\u017ed\u00e9 znamenie. V\u010faka komplexn\u00fdm horoskopom Magickej \u017eeny m\u00e1te istotu, \u017ee zvl\u00e1dnete v\u0161etko, \u010do V\u00e1s \u010dak\u00e1 v l\u00e1ske, zdrav\u00ed i pr\u00e1ci a zvol\u00edte si v\u017edy t\u00fa spr\u00e1vnu cestu, aby ste vyu\u017eili svoj potenci\u00e1l a v\u0161etky mo\u017enosti, ktor\u00e9 V\u00e1m hviezdy pon\u00fakaj\u00fa. <em>Moc horoskopov<\/em> z\u00e1rove\u0148 spo\u010d\u00edva aj v tom, \u017ee n\u00e1m dok\u00e1\u017eu sp\u00e4tne odhali\u0165, \u010do sme mali urobi\u0165 inak a ako nespr\u00e1vnym rozhodnutiam v bud\u00facnosti pred\u00eds\u0165.<\/p>\n<blockquote><p>\u201e<em>Nechcime h\u013eadie\u0165 v \u00fastrety bud\u00facnosti \u2013 tvorme ju<\/em>!\u201c<br \/>\nAntoine de Saint-Exup\u00e9ry<\/p><\/blockquote>\n\t\t\r\n\t\t\t\t\r\n\t\t<div class=\"index-shortcode\">\r\n\t\t\r\n\t\t\t\t<h4 class=\"index-heading\"><span>Horoskopy<\/span>\r\n\t\t\t\t<a href=\"https:\/\/www.magickazena.sk\/magazin\/category\/horoskopy\/\">View All <i class=\"fa fa-angle-double-right\"><\/i><\/a>\r\n\t\t\t\t<\/h4>\r\n\t\t\t\t\r\n\t\t\t\t\r\n\t\t<div class=\"sp-row post-layout\">\r\n\t\t\r\n\t\t\t\t\r\n\t\t\t\t\t\r\n\t\t\t<div class=\"sp-col-4 index-item\">\r\n\t\t\t<article class=\"short-grid\">\r\n\t\t\t\t\r\n\t\t\t\t\t\t\t\t<div class=\"short-img\">\r\n\t\t\t\t\t<a href=\"https:\/\/www.magickazena.sk\/magazin\/2024\/01\/24\/ryby-21-2-20-3\/\"><img loading=\"lazy\" decoding=\"async\" width=\"520\" height=\"400\" src=\"https:\/\/www.magickazena.sk\/magazin\/wp-content\/uploads\/2020\/10\/horoscope-639125_1280-520x400.jpg\" class=\"attachment-alder-misc-thumb size-alder-misc-thumb wp-post-image\" alt=\"\" \/><\/a>\r\n\t\t\t\t<\/div>\r\n\t\t\t\t\t\t\t\t\r\n\t\t\t\t<div class=\"short-header\">\r\n\t\t\t\t\t\r\n\t\t\t\t\t\t\t\t\t\t<span class=\"cat\"><a href=\"https:\/\/www.magickazena.sk\/magazin\/category\/horoskopy\/\" rel=\"category tag\">Horoskopy<\/a><\/span>\r\n\t\t\t\t\t\t\t\t\t\t\r\n\t\t\t\t\t\t\t\t\t\t<h2><a href=\"https:\/\/www.magickazena.sk\/magazin\/2024\/01\/24\/ryby-21-2-20-3\/\">Ryby 21.2. &#8211; 20.3.<\/a><\/h2>\r\n\t\t\t\t\t\t\t\t\t\t\r\n\t\t\t\t<\/div>\r\n\t\t\t\t\r\n\t\t\t<\/article>\r\n\t\t\t<\/div>\r\n\t\t\t\r\n\t\t\r\n\t\t\t\t\t\r\n\t\t\t<div class=\"sp-col-4 index-item\">\r\n\t\t\t<article class=\"short-grid\">\r\n\t\t\t\t\r\n\t\t\t\t\t\t\t\t<div class=\"short-img\">\r\n\t\t\t\t\t<a href=\"https:\/\/www.magickazena.sk\/magazin\/2024\/01\/24\/vodnar-21-1-20-2\/\"><img loading=\"lazy\" decoding=\"async\" width=\"520\" height=\"400\" src=\"https:\/\/www.magickazena.sk\/magazin\/wp-content\/uploads\/2020\/10\/horoscope-639124_1280-520x400.jpg\" class=\"attachment-alder-misc-thumb size-alder-misc-thumb wp-post-image\" alt=\"\" \/><\/a>\r\n\t\t\t\t<\/div>\r\n\t\t\t\t\t\t\t\t\r\n\t\t\t\t<div class=\"short-header\">\r\n\t\t\t\t\t\r\n\t\t\t\t\t\t\t\t\t\t<span class=\"cat\"><a href=\"https:\/\/www.magickazena.sk\/magazin\/category\/horoskopy\/\" rel=\"category tag\">Horoskopy<\/a><\/span>\r\n\t\t\t\t\t\t\t\t\t\t\r\n\t\t\t\t\t\t\t\t\t\t<h2><a href=\"https:\/\/www.magickazena.sk\/magazin\/2024\/01\/24\/vodnar-21-1-20-2\/\">Vodn\u00e1r 21.1. &#8211; 20.2.<\/a><\/h2>\r\n\t\t\t\t\t\t\t\t\t\t\r\n\t\t\t\t<\/div>\r\n\t\t\t\t\r\n\t\t\t<\/article>\r\n\t\t\t<\/div>\r\n\t\t\t\r\n\t\t\r\n\t\t\t\t\t\r\n\t\t\t<div class=\"sp-col-4 index-item\">\r\n\t\t\t<article class=\"short-grid\">\r\n\t\t\t\t\r\n\t\t\t\t\t\t\t\t<div class=\"short-img\">\r\n\t\t\t\t\t<a href=\"https:\/\/www.magickazena.sk\/magazin\/2024\/01\/24\/kozorozec-22-12-20-1\/\"><img loading=\"lazy\" decoding=\"async\" width=\"520\" height=\"400\" src=\"https:\/\/www.magickazena.sk\/magazin\/wp-content\/uploads\/2020\/10\/horoscope-677900_1280-520x400.jpg\" class=\"attachment-alder-misc-thumb size-alder-misc-thumb wp-post-image\" alt=\"\" \/><\/a>\r\n\t\t\t\t<\/div>\r\n\t\t\t\t\t\t\t\t\r\n\t\t\t\t<div class=\"short-header\">\r\n\t\t\t\t\t\r\n\t\t\t\t\t\t\t\t\t\t<span class=\"cat\"><a href=\"https:\/\/www.magickazena.sk\/magazin\/category\/horoskopy\/\" rel=\"category tag\">Horoskopy<\/a><\/span>\r\n\t\t\t\t\t\t\t\t\t\t\r\n\t\t\t\t\t\t\t\t\t\t<h2><a href=\"https:\/\/www.magickazena.sk\/magazin\/2024\/01\/24\/kozorozec-22-12-20-1\/\">Kozoro\u017eec 22.12. &#8211; 20.1.<\/a><\/h2>\r\n\t\t\t\t\t\t\t\t\t\t\r\n\t\t\t\t<\/div>\r\n\t\t\t\t\r\n\t\t\t<\/article>\r\n\t\t\t<\/div>\r\n\t\t\t\r\n\t\t\r\n\t\t\t\t\t\r\n\t\t\t<div class=\"sp-col-4 index-item\">\r\n\t\t\t<article class=\"short-grid\">\r\n\t\t\t\t\r\n\t\t\t\t\t\t\t\t<div class=\"short-img\">\r\n\t\t\t\t\t<a href=\"https:\/\/www.magickazena.sk\/magazin\/2024\/01\/24\/skorpion-24-10-22-11\/\"><img loading=\"lazy\" decoding=\"async\" width=\"520\" height=\"400\" src=\"https:\/\/www.magickazena.sk\/magazin\/wp-content\/uploads\/2020\/10\/horoscope-644864_1280-520x400.jpg\" class=\"attachment-alder-misc-thumb size-alder-misc-thumb wp-post-image\" alt=\"\" \/><\/a>\r\n\t\t\t\t<\/div>\r\n\t\t\t\t\t\t\t\t\r\n\t\t\t\t<div class=\"short-header\">\r\n\t\t\t\t\t\r\n\t\t\t\t\t\t\t\t\t\t<span class=\"cat\"><a href=\"https:\/\/www.magickazena.sk\/magazin\/category\/horoskopy\/\" rel=\"category tag\">Horoskopy<\/a><\/span>\r\n\t\t\t\t\t\t\t\t\t\t\r\n\t\t\t\t\t\t\t\t\t\t<h2><a href=\"https:\/\/www.magickazena.sk\/magazin\/2024\/01\/24\/skorpion-24-10-22-11\/\">\u0160korpi\u00f3n 24.10. &#8211; 22.11.<\/a><\/h2>\r\n\t\t\t\t\t\t\t\t\t\t\r\n\t\t\t\t<\/div>\r\n\t\t\t\t\r\n\t\t\t<\/article>\r\n\t\t\t<\/div>\r\n\t\t\t\r\n\t\t\r\n\t\t\t\t\t\r\n\t\t\t<div class=\"sp-col-4 index-item\">\r\n\t\t\t<article class=\"short-grid\">\r\n\t\t\t\t\r\n\t\t\t\t\t\t\t\t<div class=\"short-img\">\r\n\t\t\t\t\t<a href=\"https:\/\/www.magickazena.sk\/magazin\/2024\/01\/24\/vahy-24-9-23-10\/\"><img loading=\"lazy\" decoding=\"async\" width=\"520\" height=\"400\" src=\"https:\/\/www.magickazena.sk\/magazin\/wp-content\/uploads\/2020\/10\/horoscope-644863_1280-520x400.jpg\" class=\"attachment-alder-misc-thumb size-alder-misc-thumb wp-post-image\" alt=\"\" \/><\/a>\r\n\t\t\t\t<\/div>\r\n\t\t\t\t\t\t\t\t\r\n\t\t\t\t<div class=\"short-header\">\r\n\t\t\t\t\t\r\n\t\t\t\t\t\t\t\t\t\t<span class=\"cat\"><a href=\"https:\/\/www.magickazena.sk\/magazin\/category\/horoskopy\/\" rel=\"category tag\">Horoskopy<\/a><\/span>\r\n\t\t\t\t\t\t\t\t\t\t\r\n\t\t\t\t\t\t\t\t\t\t<h2><a href=\"https:\/\/www.magickazena.sk\/magazin\/2024\/01\/24\/vahy-24-9-23-10\/\">V\u00e1hy 24.9. &#8211; 23.10.<\/a><\/h2>\r\n\t\t\t\t\t\t\t\t\t\t\r\n\t\t\t\t<\/div>\r\n\t\t\t\t\r\n\t\t\t<\/article>\r\n\t\t\t<\/div>\r\n\t\t\t\r\n\t\t\r\n\t\t\t\t\t\r\n\t\t\t<div class=\"sp-col-4 index-item\">\r\n\t\t\t<article class=\"short-grid\">\r\n\t\t\t\t\r\n\t\t\t\t\t\t\t\t<div class=\"short-img\">\r\n\t\t\t\t\t<a href=\"https:\/\/www.magickazena.sk\/magazin\/2024\/01\/24\/panna\/\"><img loading=\"lazy\" decoding=\"async\" width=\"520\" height=\"400\" src=\"https:\/\/www.magickazena.sk\/magazin\/wp-content\/uploads\/2017\/05\/horoscope-641920_1280-520x400.jpg\" class=\"attachment-alder-misc-thumb size-alder-misc-thumb wp-post-image\" alt=\"\" \/><\/a>\r\n\t\t\t\t<\/div>\r\n\t\t\t\t\t\t\t\t\r\n\t\t\t\t<div class=\"short-header\">\r\n\t\t\t\t\t\r\n\t\t\t\t\t\t\t\t\t\t<span class=\"cat\"><a href=\"https:\/\/www.magickazena.sk\/magazin\/category\/horoskopy\/\" rel=\"category tag\">Horoskopy<\/a><\/span>\r\n\t\t\t\t\t\t\t\t\t\t\r\n\t\t\t\t\t\t\t\t\t\t<h2><a href=\"https:\/\/www.magickazena.sk\/magazin\/2024\/01\/24\/panna\/\">Panna 23.8. &#8211; 23.9.<\/a><\/h2>\r\n\t\t\t\t\t\t\t\t\t\t\r\n\t\t\t\t<\/div>\r\n\t\t\t\t\r\n\t\t\t<\/article>\r\n\t\t\t<\/div>\r\n\t\t\t\r\n\t\t\r\n\t\t\t\t\t\r\n\t\t\t<div class=\"sp-col-4 index-item\">\r\n\t\t\t<article class=\"short-grid\">\r\n\t\t\t\t\r\n\t\t\t\t\t\t\t\t<div class=\"short-img\">\r\n\t\t\t\t\t<a href=\"https:\/\/www.magickazena.sk\/magazin\/2024\/01\/24\/lev\/\"><img loading=\"lazy\" decoding=\"async\" width=\"520\" height=\"400\" src=\"https:\/\/www.magickazena.sk\/magazin\/wp-content\/uploads\/2020\/10\/horoscope-639123_1280-520x400.jpg\" class=\"attachment-alder-misc-thumb size-alder-misc-thumb wp-post-image\" alt=\"\" \/><\/a>\r\n\t\t\t\t<\/div>\r\n\t\t\t\t\t\t\t\t\r\n\t\t\t\t<div class=\"short-header\">\r\n\t\t\t\t\t\r\n\t\t\t\t\t\t\t\t\t\t<span class=\"cat\"><a href=\"https:\/\/www.magickazena.sk\/magazin\/category\/horoskopy\/\" rel=\"category tag\">Horoskopy<\/a><\/span>\r\n\t\t\t\t\t\t\t\t\t\t\r\n\t\t\t\t\t\t\t\t\t\t<h2><a href=\"https:\/\/www.magickazena.sk\/magazin\/2024\/01\/24\/lev\/\">Lev 23.7. &#8211; 22.8.<\/a><\/h2>\r\n\t\t\t\t\t\t\t\t\t\t\r\n\t\t\t\t<\/div>\r\n\t\t\t\t\r\n\t\t\t<\/article>\r\n\t\t\t<\/div>\r\n\t\t\t\r\n\t\t\r\n\t\t\t\t\t\r\n\t\t\t<div class=\"sp-col-4 index-item\">\r\n\t\t\t<article class=\"short-grid\">\r\n\t\t\t\t\r\n\t\t\t\t\t\t\t\t<div class=\"short-img\">\r\n\t\t\t\t\t<a href=\"https:\/\/www.magickazena.sk\/magazin\/2024\/01\/24\/rak\/\"><img loading=\"lazy\" decoding=\"async\" width=\"520\" height=\"400\" src=\"https:\/\/www.magickazena.sk\/magazin\/wp-content\/uploads\/2020\/10\/horoscope-644862_1280-520x400.jpg\" class=\"attachment-alder-misc-thumb size-alder-misc-thumb wp-post-image\" alt=\"\" \/><\/a>\r\n\t\t\t\t<\/div>\r\n\t\t\t\t\t\t\t\t\r\n\t\t\t\t<div class=\"short-header\">\r\n\t\t\t\t\t\r\n\t\t\t\t\t\t\t\t\t\t<span class=\"cat\"><a href=\"https:\/\/www.magickazena.sk\/magazin\/category\/horoskopy\/\" rel=\"category tag\">Horoskopy<\/a><\/span>\r\n\t\t\t\t\t\t\t\t\t\t\r\n\t\t\t\t\t\t\t\t\t\t<h2><a href=\"https:\/\/www.magickazena.sk\/magazin\/2024\/01\/24\/rak\/\">Rak 22.6. &#8211; 22.7.<\/a><\/h2>\r\n\t\t\t\t\t\t\t\t\t\t\r\n\t\t\t\t<\/div>\r\n\t\t\t\t\r\n\t\t\t<\/article>\r\n\t\t\t<\/div>\r\n\t\t\t\r\n\t\t\r\n\t\t\t\t\t\r\n\t\t\t<div class=\"sp-col-4 index-item\">\r\n\t\t\t<article class=\"short-grid\">\r\n\t\t\t\t\r\n\t\t\t\t\t\t\t\t<div class=\"short-img\">\r\n\t\t\t\t\t<a href=\"https:\/\/www.magickazena.sk\/magazin\/2024\/01\/24\/backpacking-the-southern-cascades\/\"><img loading=\"lazy\" decoding=\"async\" width=\"520\" height=\"400\" src=\"https:\/\/www.magickazena.sk\/magazin\/wp-content\/uploads\/2020\/10\/horoscope-639122_1280-520x400.jpg\" class=\"attachment-alder-misc-thumb size-alder-misc-thumb wp-post-image\" alt=\"\" \/><\/a>\r\n\t\t\t\t<\/div>\r\n\t\t\t\t\t\t\t\t\r\n\t\t\t\t<div class=\"short-header\">\r\n\t\t\t\t\t\r\n\t\t\t\t\t\t\t\t\t\t<span class=\"cat\"><a href=\"https:\/\/www.magickazena.sk\/magazin\/category\/horoskopy\/\" rel=\"category tag\">Horoskopy<\/a><\/span>\r\n\t\t\t\t\t\t\t\t\t\t\r\n\t\t\t\t\t\t\t\t\t\t<h2><a href=\"https:\/\/www.magickazena.sk\/magazin\/2024\/01\/24\/backpacking-the-southern-cascades\/\">Bl\u00ed\u017eenci 21.5. &#8211; 21.6.<\/a><\/h2>\r\n\t\t\t\t\t\t\t\t\t\t\r\n\t\t\t\t<\/div>\r\n\t\t\t\t\r\n\t\t\t<\/article>\r\n\t\t\t<\/div>\r\n\t\t\t\r\n\t\t\r\n\t\t\t\t\t\r\n\t\t\t<div class=\"sp-col-4 index-item\">\r\n\t\t\t<article class=\"short-grid\">\r\n\t\t\t\t\r\n\t\t\t\t\t\t\t\t<div class=\"short-img\">\r\n\t\t\t\t\t<a href=\"https:\/\/www.magickazena.sk\/magazin\/2024\/01\/24\/byk\/\"><img loading=\"lazy\" decoding=\"async\" width=\"520\" height=\"400\" src=\"https:\/\/www.magickazena.sk\/magazin\/wp-content\/uploads\/2017\/05\/horoscope-639127_1280-520x400.jpg\" class=\"attachment-alder-misc-thumb size-alder-misc-thumb wp-post-image\" alt=\"\" \/><\/a>\r\n\t\t\t\t<\/div>\r\n\t\t\t\t\t\t\t\t\r\n\t\t\t\t<div class=\"short-header\">\r\n\t\t\t\t\t\r\n\t\t\t\t\t\t\t\t\t\t<span class=\"cat\"><a href=\"https:\/\/www.magickazena.sk\/magazin\/category\/horoskopy\/\" rel=\"category tag\">Horoskopy<\/a><\/span>\r\n\t\t\t\t\t\t\t\t\t\t\r\n\t\t\t\t\t\t\t\t\t\t<h2><a href=\"https:\/\/www.magickazena.sk\/magazin\/2024\/01\/24\/byk\/\">B\u00fdk 21.4. &#8211; 20.5.<\/a><\/h2>\r\n\t\t\t\t\t\t\t\t\t\t\r\n\t\t\t\t<\/div>\r\n\t\t\t\t\r\n\t\t\t<\/article>\r\n\t\t\t<\/div>\r\n\t\t\t\r\n\t\t\r\n\t\t\t\t\t\r\n\t\t\t<div class=\"sp-col-4 index-item\">\r\n\t\t\t<article class=\"short-grid\">\r\n\t\t\t\t\r\n\t\t\t\t\t\t\t\t<div class=\"short-img\">\r\n\t\t\t\t\t<a href=\"https:\/\/www.magickazena.sk\/magazin\/2024\/01\/24\/baran\/\"><img loading=\"lazy\" decoding=\"async\" width=\"520\" height=\"400\" src=\"https:\/\/www.magickazena.sk\/magazin\/wp-content\/uploads\/2020\/10\/horoscope-639126_1280-520x400.jpg\" class=\"attachment-alder-misc-thumb size-alder-misc-thumb wp-post-image\" alt=\"\" \/><\/a>\r\n\t\t\t\t<\/div>\r\n\t\t\t\t\t\t\t\t\r\n\t\t\t\t<div class=\"short-header\">\r\n\t\t\t\t\t\r\n\t\t\t\t\t\t\t\t\t\t<span class=\"cat\"><a href=\"https:\/\/www.magickazena.sk\/magazin\/category\/horoskopy\/\" rel=\"category tag\">Horoskopy<\/a><\/span>\r\n\t\t\t\t\t\t\t\t\t\t\r\n\t\t\t\t\t\t\t\t\t\t<h2><a href=\"https:\/\/www.magickazena.sk\/magazin\/2024\/01\/24\/baran\/\">Baran 21.3.-20.4.<\/a><\/h2>\r\n\t\t\t\t\t\t\t\t\t\t\r\n\t\t\t\t<\/div>\r\n\t\t\t\t\r\n\t\t\t<\/article>\r\n\t\t\t<\/div>\r\n\t\t\t\r\n\t\t\r\n\t\t\t\t\t\r\n\t\t\t<div class=\"sp-col-4 index-item\">\r\n\t\t\t<article class=\"short-grid\">\r\n\t\t\t\t\r\n\t\t\t\t\t\t\t\t<div class=\"short-img\">\r\n\t\t\t\t\t<a href=\"https:\/\/www.magickazena.sk\/magazin\/2020\/10\/08\/strelec-23-11-22-12\/\"><img loading=\"lazy\" decoding=\"async\" width=\"520\" height=\"400\" src=\"https:\/\/www.magickazena.sk\/magazin\/wp-content\/uploads\/2020\/10\/horoscope-641919_1280-520x400.jpg\" class=\"attachment-alder-misc-thumb size-alder-misc-thumb wp-post-image\" alt=\"\" \/><\/a>\r\n\t\t\t\t<\/div>\r\n\t\t\t\t\t\t\t\t\r\n\t\t\t\t<div class=\"short-header\">\r\n\t\t\t\t\t\r\n\t\t\t\t\t\t\t\t\t\t<span class=\"cat\"><a href=\"https:\/\/www.magickazena.sk\/magazin\/category\/horoskopy\/\" rel=\"category tag\">Horoskopy<\/a><\/span>\r\n\t\t\t\t\t\t\t\t\t\t\r\n\t\t\t\t\t\t\t\t\t\t<h2><a href=\"https:\/\/www.magickazena.sk\/magazin\/2020\/10\/08\/strelec-23-11-22-12\/\">Strelec 23.11. &#8211; 22.12.<\/a><\/h2>\r\n\t\t\t\t\t\t\t\t\t\t\r\n\t\t\t\t<\/div>\r\n\t\t\t\t\r\n\t\t\t<\/article>\r\n\t\t\t<\/div>\r\n\t\t\t\r\n\t\t\r\n\t\t\t\t\r\n\t\t<\/div>\r\n\t\t\r\n\t\t\t\t\r\n\t\t\t\t\r\n\t\t<\/div>\r\n\t\r\n\t\n<h3>Zdravie<\/h3>\n<p>Zistite, \u010do bud\u00fa pre\u017e\u00edva\u0165 Va\u0161e <strong>telo i\u00a0du\u0161a<\/strong> v\u00a0nast\u00e1vaj\u00facom obdob\u00ed. V\u010faka konkr\u00e9tnym rad\u00e1m, <a href=\"https:\/\/www.magickazena.sk\/magazin\/kupit-a-citat\/\"><em>sa vyhnete<\/em> <em>zdravotn\u00fdm \u0165a\u017ekostiam<\/em><\/a> a\u00a0v\u0161etky pr\u00edpadn\u00e9 rizik\u00e1 premen\u00edte na benefity. Nielen \u017ee budete vedie\u0165, na \u010do si da\u0165 pozor a\u00a0\u010domu sa vyhn\u00fa\u0165, \u010do nezanedba\u0165, ale aj to, ako si dopria\u0165 a\u00a0u\u017ei\u0165 presne to, \u010do potrebujete.<\/p>\n<h3>L\u00e1ska<\/h3>\n<p><strong>Pre\u017e\u00edvajte l\u00e1sku pod\u013ea hviezd!\u00a0<\/strong>Magick\u00e1 \u017eena V\u00e1m prezrad\u00ed nielen to, \u010di sa k\u00a0sebe s\u00a0partnerom hod\u00edte, ale aj to, ako zo vz\u0165ahu vy\u010darova\u0165 rozpr\u00e1vkov\u00fa romancu, aj v\u00a0pr\u00edpade, \u017ee va\u0161e znamenia \u00faplne <em>\u201eneladia\u201c<\/em>. Aktu\u00e1lne <a href=\"https:\/\/www.magickazena.sk\/magazin\/kupit-a-citat\/\">postavenie hviezd V\u00e1m na\u0161epk\u00e1,<\/a> ako sa stara\u0165 o\u00a0svoje city, kedy a\u00a0s k\u00fdm ich zdie\u013ea\u0165 tak, aby ste milovali aj boli milovan\u00ed.<\/p>\n\t\t\r\n\t\t\t\t\r\n\t\t<div class=\"index-shortcode\">\r\n\t\t\r\n\t\t\t\t<h4 class=\"index-heading\"><span>sex-podla-znamenia<\/span>\r\n\t\t\t\t<a href=\"https:\/\/www.magickazena.sk\/magazin\/category\/sex-podla-znamenia\/\">View All <i class=\"fa fa-angle-double-right\"><\/i><\/a>\r\n\t\t\t\t<\/h4>\r\n\t\t\t\t\r\n\t\t\t\t\r\n\t\t<div class=\"sp-row post-layout\">\r\n\t\t\r\n\t\t\t\t\r\n\t\t\t\t\t\r\n\t\t\t<div class=\"sp-col-3 index-item\">\r\n\t\t\t<article class=\"short-grid\">\r\n\t\t\t\t\r\n\t\t\t\t\t\t\t\t<div class=\"short-img\">\r\n\t\t\t\t\t<a href=\"https:\/\/www.magickazena.sk\/magazin\/2021\/11\/09\/sexabaran\/\"><img loading=\"lazy\" decoding=\"async\" width=\"520\" height=\"400\" src=\"https:\/\/www.magickazena.sk\/magazin\/wp-content\/uploads\/2021\/11\/star-sign-g97cd45c9e_640-520x400.jpg\" class=\"attachment-alder-misc-thumb size-alder-misc-thumb wp-post-image\" alt=\"\" \/><\/a>\r\n\t\t\t\t<\/div>\r\n\t\t\t\t\t\t\t\t\r\n\t\t\t\t<div class=\"short-header\">\r\n\t\t\t\t\t\r\n\t\t\t\t\t\t\t\t\t\t<span class=\"cat\"><a href=\"https:\/\/www.magickazena.sk\/magazin\/category\/sex-podla-znamenia\/\" rel=\"category tag\">sex pod\u013ea znamenia<\/a><\/span>\r\n\t\t\t\t\t\t\t\t\t\t\r\n\t\t\t\t\t\t\t\t\t\t<h2><a href=\"https:\/\/www.magickazena.sk\/magazin\/2021\/11\/09\/sexabaran\/\">SEX a BARAN<\/a><\/h2>\r\n\t\t\t\t\t\t\t\t\t\t\r\n\t\t\t\t<\/div>\r\n\t\t\t\t\r\n\t\t\t<\/article>\r\n\t\t\t<\/div>\r\n\t\t\t\r\n\t\t\r\n\t\t\t\t\t\r\n\t\t\t<div class=\"sp-col-3 index-item\">\r\n\t\t\t<article class=\"short-grid\">\r\n\t\t\t\t\r\n\t\t\t\t\t\t\t\t<div class=\"short-img\">\r\n\t\t\t\t\t<a href=\"https:\/\/www.magickazena.sk\/magazin\/2021\/11\/09\/sex-a-byk\/\"><img loading=\"lazy\" decoding=\"async\" width=\"520\" height=\"400\" src=\"https:\/\/www.magickazena.sk\/magazin\/wp-content\/uploads\/2021\/11\/star-sign-g8f7ed03e5_640-520x400.jpg\" class=\"attachment-alder-misc-thumb size-alder-misc-thumb wp-post-image\" alt=\"\" \/><\/a>\r\n\t\t\t\t<\/div>\r\n\t\t\t\t\t\t\t\t\r\n\t\t\t\t<div class=\"short-header\">\r\n\t\t\t\t\t\r\n\t\t\t\t\t\t\t\t\t\t<span class=\"cat\"><a href=\"https:\/\/www.magickazena.sk\/magazin\/category\/sex-podla-znamenia\/\" rel=\"category tag\">sex pod\u013ea znamenia<\/a><\/span>\r\n\t\t\t\t\t\t\t\t\t\t\r\n\t\t\t\t\t\t\t\t\t\t<h2><a href=\"https:\/\/www.magickazena.sk\/magazin\/2021\/11\/09\/sex-a-byk\/\">SEX a B\u00ddK<\/a><\/h2>\r\n\t\t\t\t\t\t\t\t\t\t\r\n\t\t\t\t<\/div>\r\n\t\t\t\t\r\n\t\t\t<\/article>\r\n\t\t\t<\/div>\r\n\t\t\t\r\n\t\t\r\n\t\t\t\t\t\r\n\t\t\t<div class=\"sp-col-3 index-item\">\r\n\t\t\t<article class=\"short-grid\">\r\n\t\t\t\t\r\n\t\t\t\t\t\t\t\t<div class=\"short-img\">\r\n\t\t\t\t\t<a href=\"https:\/\/www.magickazena.sk\/magazin\/2021\/11\/09\/sex-a-blizenec\/\"><img loading=\"lazy\" decoding=\"async\" width=\"520\" height=\"400\" src=\"https:\/\/www.magickazena.sk\/magazin\/wp-content\/uploads\/2021\/11\/star-sign-gb8c6aedf0_640-520x400.jpg\" class=\"attachment-alder-misc-thumb size-alder-misc-thumb wp-post-image\" alt=\"\" \/><\/a>\r\n\t\t\t\t<\/div>\r\n\t\t\t\t\t\t\t\t\r\n\t\t\t\t<div class=\"short-header\">\r\n\t\t\t\t\t\r\n\t\t\t\t\t\t\t\t\t\t<span class=\"cat\"><a href=\"https:\/\/www.magickazena.sk\/magazin\/category\/sex-podla-znamenia\/\" rel=\"category tag\">sex pod\u013ea znamenia<\/a><\/span>\r\n\t\t\t\t\t\t\t\t\t\t\r\n\t\t\t\t\t\t\t\t\t\t<h2><a href=\"https:\/\/www.magickazena.sk\/magazin\/2021\/11\/09\/sex-a-blizenec\/\">SEX a Bl\u00ed\u017eenec<\/a><\/h2>\r\n\t\t\t\t\t\t\t\t\t\t\r\n\t\t\t\t<\/div>\r\n\t\t\t\t\r\n\t\t\t<\/article>\r\n\t\t\t<\/div>\r\n\t\t\t\r\n\t\t\r\n\t\t\t\t\t\r\n\t\t\t<div class=\"sp-col-3 index-item\">\r\n\t\t\t<article class=\"short-grid\">\r\n\t\t\t\t\r\n\t\t\t\t\t\t\t\t<div class=\"short-img\">\r\n\t\t\t\t\t<a href=\"https:\/\/www.magickazena.sk\/magazin\/2021\/11\/09\/sex-a-rak\/\"><img loading=\"lazy\" decoding=\"async\" width=\"520\" height=\"400\" src=\"https:\/\/www.magickazena.sk\/magazin\/wp-content\/uploads\/2021\/11\/star-sign-ge6287ba33_640-520x400.jpg\" class=\"attachment-alder-misc-thumb size-alder-misc-thumb wp-post-image\" alt=\"\" \/><\/a>\r\n\t\t\t\t<\/div>\r\n\t\t\t\t\t\t\t\t\r\n\t\t\t\t<div class=\"short-header\">\r\n\t\t\t\t\t\r\n\t\t\t\t\t\t\t\t\t\t<span class=\"cat\"><a href=\"https:\/\/www.magickazena.sk\/magazin\/category\/sex-podla-znamenia\/\" rel=\"category tag\">sex pod\u013ea znamenia<\/a><\/span>\r\n\t\t\t\t\t\t\t\t\t\t\r\n\t\t\t\t\t\t\t\t\t\t<h2><a href=\"https:\/\/www.magickazena.sk\/magazin\/2021\/11\/09\/sex-a-rak\/\">SEX a RAK<\/a><\/h2>\r\n\t\t\t\t\t\t\t\t\t\t\r\n\t\t\t\t<\/div>\r\n\t\t\t\t\r\n\t\t\t<\/article>\r\n\t\t\t<\/div>\r\n\t\t\t\r\n\t\t\r\n\t\t\t\t\r\n\t\t<\/div>\r\n\t\t\r\n\t\t\t\t\r\n\t\t\t\t\r\n\t\t<\/div>\r\n\t\r\n\t\n<h3>Pr\u00e1ca<\/h3>\n<p>Zaistite si pr\u00e1cu svojich snov, v\u00a0ktorej sa V\u00e1m bude dari\u0165, ktor\u00e1 V\u00e1s bude nap\u013a\u0148a\u0165 a\u00a0<a href=\"https:\/\/www.magickazena.sk\/magazin\/kupit-a-citat\/\">pos\u00fava\u0165 k\u00a0Va\u0161im cie\u013eom<\/a> v\u010faka poznaniu hviezd! Poradia V\u00e1m nielen to, <strong>ak\u00e1 profesia je pre V\u00e1s t\u00e1 prav\u00e1,<\/strong> ale aj to,\u00a0ako sa stara\u0165 o pracovn\u00e9 vz\u0165ahy a na \u010do sa v teraj\u0161ej\u00a0pr\u00e1ci zamera\u0165, aby ste dosiahli \u017eelan\u00e9 v\u00fdsledky.<\/p>\n","protected":false},"excerpt":{"rendered":"<p>V\u00a0ka\u017edom \u010d\u00edsle Magickej \u017eeny n\u00e1jdete podrobn\u00e9 horoskopy na najbli\u017e\u0161ie tri mesiace, vypracovan\u00e9 pod\u013ea postavenia plan\u00e9t i v\u00fdkladu tarotov\u00fdch kariet. Pripravuj\u00fa ich pre V\u00e1s profesion\u00e1lni astrol\u00f3govia a ve\u0161tci, na ktor\u00fdch sa m\u00f4\u017eete i osobne obr\u00e1ti\u0165. Nech\u00fdbaj\u00fa ani vz\u00e1cne rady pre ka\u017ed\u00e9 znamenie. V\u010faka komplexn\u00fdm horoskopom Magickej \u017eeny m\u00e1te istotu, \u017ee zvl\u00e1dnete v\u0161etko, \u010do V\u00e1s \u010dak\u00e1 v l\u00e1ske, zdrav\u00ed i pr\u00e1ci a zvol\u00edte si v\u017edy t\u00fa spr\u00e1vnu cestu, aby ste vyu\u017eili svoj potenci\u00e1l a v\u0161etky mo\u017enosti, ktor\u00e9 V\u00e1m hviezdy pon\u00fakaj\u00fa. Moc horoskopov z\u00e1rove\u0148 spo\u010d\u00edva aj v tom, \u017ee n\u00e1m dok\u00e1\u017eu sp\u00e4tne odhali\u0165, \u010do sme mali urobi\u0165 inak a ako nespr\u00e1vnym rozhodnutiam v bud\u00facnosti pred\u00eds\u0165. \u201eNechcime h\u013eadie\u0165 v \u00fastrety bud\u00facnosti \u2013 tvorme ju!\u201c Antoine de Saint-Exup\u00e9ry Zdravie Zistite, \u010do bud\u00fa pre\u017e\u00edva\u0165 Va\u0161e telo i\u00a0du\u0161a v\u00a0nast\u00e1vaj\u00facom obdob\u00ed. V\u010faka konkr\u00e9tnym rad\u00e1m, sa vyhnete zdravotn\u00fdm \u0165a\u017ekostiam a\u00a0v\u0161etky pr\u00edpadn\u00e9 rizik\u00e1 premen\u00edte na benefity. Nielen \u017ee budete vedie\u0165, na \u010do si da\u0165 pozor a\u00a0\u010domu sa vyhn\u00fa\u0165, \u010do nezanedba\u0165, ale aj to, ako si dopria\u0165 a\u00a0u\u017ei\u0165 presne to, \u010do potrebujete. L\u00e1ska Pre\u017e\u00edvajte l\u00e1sku pod\u013ea hviezd!\u00a0Magick\u00e1 \u017eena V\u00e1m prezrad\u00ed nielen to, \u010di sa k\u00a0sebe s\u00a0partnerom hod\u00edte, ale aj to, ako zo vz\u0165ahu vy\u010darova\u0165 rozpr\u00e1vkov\u00fa romancu, aj v\u00a0pr\u00edpade, \u017ee va\u0161e znamenia \u00faplne \u201eneladia\u201c. Aktu\u00e1lne postavenie hviezd V\u00e1m na\u0161epk\u00e1, ako sa stara\u0165 [&hellip;]<\/p>\n","protected":false},"author":1,"featured_media":0,"parent":0,"menu_order":0,"comment_status":"closed","ping_status":"closed","template":"","meta":{"footnotes":""},"class_list":["post-148","page","type-page","status-publish","hentry"],"aioseo_notices":[],"_links":{"self":[{"href":"https:\/\/www.magickazena.sk\/magazin\/wp-json\/wp\/v2\/pages\/148","targetHints":{"allow":["GET"]}}],"collection":[{"href":"https:\/\/www.magickazena.sk\/magazin\/wp-json\/wp\/v2\/pages"}],"about":[{"href":"https:\/\/www.magickazena.sk\/magazin\/wp-json\/wp\/v2\/types\/page"}],"author":[{"embeddable":true,"href":"https:\/\/www.magickazena.sk\/magazin\/wp-json\/wp\/v2\/users\/1"}],"replies":[{"embeddable":true,"href":"https:\/\/www.magickazena.sk\/magazin\/wp-json\/wp\/v2\/comments?post=148"}],"version-history":[{"count":21,"href":"https:\/\/www.magickazena.sk\/magazin\/wp-json\/wp\/v2\/pages\/148\/revisions"}],"predecessor-version":[{"id":2055,"href":"https:\/\/www.magickazena.sk\/magazin\/wp-json\/wp\/v2\/pages\/148\/revisions\/2055"}],"wp:attachment":[{"href":"https:\/\/www.magickazena.sk\/magazin\/wp-json\/wp\/v2\/media?parent=148"}],"curies":[{"name":"wp","href":"https:\/\/api.w.org\/{rel}","templated":true}]}}