{"id":213,"date":"2017-05-09T22:14:31","date_gmt":"2017-05-09T22:14:31","guid":{"rendered":"http:\/\/solopine.com\/alder\/?page_id=82"},"modified":"2024-08-16T13:38:31","modified_gmt":"2024-08-16T11:38:31","slug":"kupit-a-citat","status":"publish","type":"page","link":"https:\/\/www.magickazena.sk\/magazin\/kupit-a-citat\/","title":{"rendered":""},"content":{"rendered":"<!-- wp:heading <script async src=\"https:\/\/pagead2.googlesyndication.com\/pagead\/js\/adsbygoogle.js?client=ca-pub-2888648132998448\"\n     crossorigin=\"anonymous\"><\/script>{\"textAlign\":\"center\"} -->\n<h2 class=\"has-text-align-center\">K\u00daPI\u0164 A \u010c\u00cdTA\u0164<\/h2>\n<!-- \/wp:post-content -->\n\n<!-- wp:table {\"className\":\"table-noborder\"} -->\n<figure class=\"wp-block-table table-noborder\">\n<table>\n<tbody>\n<tr>\n<td class=\"has-text-align-center\" data-align=\"center\"><\/td>\n<td class=\"has-text-align-center\" data-align=\"center\"><img loading=\"lazy\" decoding=\"async\" width=\"150\" height=\"207\" src=\"https:\/\/www.magickazena.sk\/magazin\/wp-content\/uploads\/2022\/01\/001.jpg\" style=\"width: 150px;\" class=\"wp-image-2065\" alt=\"\" srcset=\"https:\/\/www.magickazena.sk\/magazin\/wp-content\/uploads\/2022\/01\/001.jpg 669w, https:\/\/www.magickazena.sk\/magazin\/wp-content\/uploads\/2022\/01\/001-218x300.jpg 218w\" sizes=\"auto, (max-width: 150px) 100vw, 150px\" \/>\nJanu\u00e1r &#8211; Marec 2022\n\n<strong><a href=\"https:\/\/www.magickazena.sk\/online\/citat-online-archiv\/?i=122\" target=\"_blank\" rel=\"noreferrer noopener\" title=\"https:\/\/www.magickazena.sk\/online\/citat-online-archiv\/?i=122\">\u010c\u00cdTA\u0164 ONLINE<\/a><\/strong><\/td>\n<td class=\"has-text-align-center\" data-align=\"center\"><\/td>\n<\/tr>\n<\/tbody>\n<\/table>\n<\/figure>\n<!-- \/wp:table -->\n\n<!-- wp:table {\"className\":\"table-noborder\"} -->\n<figure class=\"wp-block-table table-noborder\">\n<table>\n<tbody>\n<tr>\n<td class=\"has-text-align-center\" data-align=\"center\"><img loading=\"lazy\" decoding=\"async\" width=\"300\" height=\"300\" src=\"https:\/\/www.magickazena.sk\/magazin\/wp-content\/uploads\/2022\/01\/Untitled-2.jpg\" class=\"wp-image-2062\" style=\"width: px;\" alt=\"\" srcset=\"https:\/\/www.magickazena.sk\/magazin\/wp-content\/uploads\/2022\/01\/Untitled-2.jpg 300w, https:\/\/www.magickazena.sk\/magazin\/wp-content\/uploads\/2022\/01\/Untitled-2-150x150.jpg 150w\" sizes=\"auto, (max-width: 300px) 100vw, 300px\" \/>\nOkt\u00f3ber \u2013 December 2021\n<sup><a href=\"https:\/\/www.magickazena.sk\/online\/citat-online-archiv-zlavovy-kod\/?i=421\" target=\"_blank\" rel=\"noreferrer noopener\" title=\"https:\/\/www.magickazena.sk\/online\/citat-online-archiv-zlavovy-kod\/?i=421\">Z\u013eavov\u00fd k\u00f3d<\/a><\/sup>\n<strong><a href=\"https:\/\/www.magickazena.sk\/online\/citat-online-archiv\/?i=421\" target=\"_blank\" rel=\"noreferrer noopener\" title=\"https:\/\/www.magickazena.sk\/online\/citat-online-archiv\/?i=421\">\u010c\u00cdTA\u0164 ONLINE<\/a><\/strong><\/td>\n<td class=\"has-text-align-center\" data-align=\"center\"><img decoding=\"async\" src=\"https:\/\/www.magickazena.sk\/magazin\/wp-content\/uploads\/2021\/10\/xx.jpg\">\nJ\u00fan \u2013 September 2021\n<sup><a href=\"https:\/\/www.magickazena.sk\/online\/citat-online-archiv-zlavovy-kod\/?i=321\" target=\"_blank\" rel=\"noreferrer noopener\" title=\"https:\/\/www.magickazena.sk\/online\/citat-online-archiv-zlavovy-kod\/?i=321\">Z\u013eavov\u00fd k\u00f3d<\/a><\/sup>\n<strong><a href=\"https:\/\/www.magickazena.sk\/online\/citat-online-archiv\/?i=321\" target=\"_blank\" rel=\"noreferrer noopener\" title=\"https:\/\/www.magickazena.sk\/online\/citat-online-archiv\/?i=321\">\u010c\u00cdTA\u0164 ONLINE<\/a><\/strong><\/td>\n<td class=\"has-text-align-center\" data-align=\"center\"><img decoding=\"async\" src=\"https:\/\/www.magickazena.sk\/magazin\/wp-content\/uploads\/2021\/04\/Untitled-1.jpg\" alt=\"\">\nApr\u00edl \u2013 J\u00fan 2021\n<sup><a href=\"https:\/\/www.magickazena.sk\/online\/citat-online-archiv-zlavovy-kod\/?i=221\" target=\"_blank\" rel=\"noreferrer noopener\">Z\u013eavov\u00fd k\u00f3d<\/a><\/sup>\n<strong><a href=\"https:\/\/www.magickazena.sk\/online\/citat-online-archiv\/?i=221\" target=\"_blank\" rel=\"noreferrer noopener\">\u010c\u00cdTA\u0164 ONLINE<\/a><\/strong><\/td>\n<td class=\"has-text-align-center\" data-align=\"center\"><img decoding=\"async\" src=\"https:\/\/www.magickazena.sk\/magazin\/wp-content\/uploads\/2020\/12\/2021Q1.jpg\" alt=\"\">\nJanu\u00e1r \u2013 Marec 2021\n<sup><a href=\"https:\/\/www.magickazena.sk\/online\/citat-online-archiv-zlavovy-kod\/?i=121\" target=\"_blank\" rel=\"noreferrer noopener\">Z\u013eavov\u00fd k\u00f3d<\/a><\/sup>\n<strong><a href=\"https:\/\/www.magickazena.sk\/online\/citat-online-archiv\/?i=121\" target=\"_blank\" rel=\"noreferrer noopener\">\u010c\u00cdTA\u0164 ONLINE<\/a><\/strong><\/td>\n<\/tr>\n<tr>\n<td class=\"has-text-align-center\" data-align=\"center\"><img decoding=\"async\" src=\"https:\/\/www.magickazena.sk\/magazin\/wp-content\/uploads\/2020\/10\/2020Q4.jpg\" alt=\"\">\nOkt\u00f3ber \u2013 December 2020\n<sup><a href=\"https:\/\/www.magickazena.sk\/online\/citat-online-archiv-zlavovy-kod\/?i=420\" target=\"_blank\" rel=\"noreferrer noopener\">Z\u013eavov\u00fd k\u00f3d<\/a><\/sup>\n<a rel=\"noreferrer noopener\" href=\"https:\/\/www.magickazena.sk\/online\/citat-online-archiv\/?i=420\" target=\"_blank\"><strong>\u010c\u00cdTA\u0164 ONLINE<\/strong><\/a><\/td>\n<td class=\"has-text-align-center\" data-align=\"center\"><img decoding=\"async\" src=\"https:\/\/www.magickazena.sk\/magazin\/wp-content\/uploads\/2020\/10\/2020Q3.jpg\" alt=\"\">\nJ\u00fal \u2013 September 2020\n<sup><a rel=\"noreferrer noopener\" href=\"https:\/\/www.magickazena.sk\/online\/citat-online-archiv-zlavovy-kod\/?i=320\" target=\"_blank\">Z\u013eavov\u00fd k\u00f3d<\/a><\/sup>\n<a href=\"https:\/\/www.magickazena.sk\/online\/citat-online-archiv\/?i=320\" target=\"_blank\" rel=\"noreferrer noopener\"><strong>\u010c\u00cdTA\u0164 ONLINE<\/strong><\/a><\/td>\n<td class=\"has-text-align-center\" data-align=\"center\"><img decoding=\"async\" src=\"https:\/\/www.magickazena.sk\/magazin\/wp-content\/uploads\/2020\/10\/2020Q2.jpg\" alt=\"\">\nApr\u00edl \u2013 J\u00fan 2020\n<sup><a rel=\"noreferrer noopener\" href=\"https:\/\/www.magickazena.sk\/online\/citat-online-archiv-zlavovy-kod\/?i=220\" target=\"_blank\">Z\u013eavov\u00fd k\u00f3d<\/a><\/sup>\n<a rel=\"noreferrer noopener\" href=\"https:\/\/www.magickazena.sk\/online\/citat-online-archiv\/?i=220\" target=\"_blank\"><strong>\u010c\u00cdTA\u0164 ONLINE<\/strong><\/a><\/td>\n<td class=\"has-text-align-center\" data-align=\"center\"><img decoding=\"async\" src=\"https:\/\/www.magickazena.sk\/magazin\/wp-content\/uploads\/2020\/10\/2020Q1.jpg\" alt=\"\">\nJanu\u00e1r \u2013 Marec 2020\n<a rel=\"noreferrer noopener\" href=\"https:\/\/www.magickazena.sk\/online\/citat-online-archiv-zlavovy-kod\/?i=120\" target=\"_blank\"><sup>Z\u013eavov\u00fd k\u00f3d<\/sup><\/a>\n<a rel=\"noreferrer noopener\" href=\"https:\/\/www.magickazena.sk\/online\/citat-online-archiv\/?i=120\" target=\"_blank\"><strong>\u010c\u00cdTA\u0164 ONLINE<\/strong><\/a><\/td>\n<\/tr>\n<tr>\n<td class=\"has-text-align-center\" data-align=\"center\"><img decoding=\"async\" src=\"https:\/\/www.magickazena.sk\/magazin\/wp-content\/uploads\/2020\/10\/2019Q4.jpg\" alt=\"\">\nOkt\u00f3ber \u2013 December 2019\n<a rel=\"noreferrer noopener\" href=\"https:\/\/www.magickazena.sk\/online\/citat-online-archiv-zlavovy-kod\/?i=419\" target=\"_blank\"><sup>Z\u013eavov\u00fd k\u00f3d<\/sup><\/a>\n<a rel=\"noreferrer noopener\" href=\"https:\/\/www.magickazena.sk\/online\/citat-online-archiv\/?i=419\" target=\"_blank\"><strong>\u010c\u00cdTA\u0164 ONLINE<\/strong><\/a><\/td>\n<td class=\"has-text-align-center\" data-align=\"center\"><img decoding=\"async\" src=\"https:\/\/www.magickazena.sk\/magazin\/wp-content\/uploads\/2020\/10\/2019Q3.jpg\" alt=\"\">\nJ\u00fal \u2013 September 2019\n<a rel=\"noreferrer noopener\" href=\"https:\/\/www.magickazena.sk\/online\/citat-online-archiv-zlavovy-kod\/?i=319\" target=\"_blank\"><sup>Z\u013eavov\u00fd k\u00f3d<\/sup><\/a>\n<a rel=\"noreferrer noopener\" href=\"https:\/\/www.magickazena.sk\/online\/citat-online-archiv\/?i=319\" target=\"_blank\"><strong>\u010c\u00cdTA\u0164 ONLINE<\/strong><\/a><\/td>\n<td class=\"has-text-align-center\" data-align=\"center\"><img decoding=\"async\" src=\"https:\/\/www.magickazena.sk\/magazin\/wp-content\/uploads\/2020\/10\/2019Q2.jpg\" alt=\"\">\nApr\u00edl \u2013 J\u00fan 2019\n<a rel=\"noreferrer noopener\" href=\"https:\/\/www.magickazena.sk\/online\/citat-online-archiv-zlavovy-kod\/?i=219\" target=\"_blank\"><sup>Z\u013eavov\u00fd k\u00f3d<\/sup><\/a>\n<a rel=\"noreferrer noopener\" href=\"https:\/\/www.magickazena.sk\/online\/citat-online-archiv\/?i=219\" target=\"_blank\"><strong>\u010c\u00cdTA\u0164 ONLINE<\/strong><\/a><\/td>\n<td class=\"has-text-align-center\" data-align=\"center\"><img decoding=\"async\" src=\"https:\/\/www.magickazena.sk\/magazin\/wp-content\/uploads\/2020\/10\/2019Q1.jpg\" alt=\"\">\nJanu\u00e1r \u2013 Marec 2019\n<a rel=\"noreferrer noopener\" href=\"https:\/\/www.magickazena.sk\/online\/citat-online-archiv-zlavovy-kod\/?i=119\" target=\"_blank\"><sup>Z\u013eavov\u00fd k\u00f3d<\/sup><\/a>\n<a rel=\"noreferrer noopener\" href=\"https:\/\/www.magickazena.sk\/online\/citat-online-archiv\/?i=119\" target=\"_blank\"><strong>\u010c\u00cdTA\u0164 ONLINE<\/strong><\/a><\/td>\n<\/tr>\n<\/tbody>\n<\/table>\n<\/figure>\n<!-- \/wp:table -->","protected":false},"excerpt":{"rendered":"<p>K\u00daPI\u0164 A \u010c\u00cdTA\u0164 Janu\u00e1r &#8211; Marec 2022 \u010c\u00cdTA\u0164 ONLINE Okt\u00f3ber \u2013 December 2021 Z\u013eavov\u00fd k\u00f3d \u010c\u00cdTA\u0164 ONLINE J\u00fan \u2013 September 2021 Z\u013eavov\u00fd k\u00f3d \u010c\u00cdTA\u0164 ONLINE Apr\u00edl \u2013 J\u00fan 2021 Z\u013eavov\u00fd k\u00f3d \u010c\u00cdTA\u0164 ONLINE Janu\u00e1r \u2013 Marec 2021 Z\u013eavov\u00fd k\u00f3d \u010c\u00cdTA\u0164 ONLINE Okt\u00f3ber \u2013 December 2020 Z\u013eavov\u00fd k\u00f3d \u010c\u00cdTA\u0164 ONLINE J\u00fal \u2013 September 2020 Z\u013eavov\u00fd k\u00f3d \u010c\u00cdTA\u0164 ONLINE Apr\u00edl \u2013 J\u00fan 2020 Z\u013eavov\u00fd k\u00f3d \u010c\u00cdTA\u0164 ONLINE Janu\u00e1r \u2013 Marec 2020 Z\u013eavov\u00fd k\u00f3d \u010c\u00cdTA\u0164 ONLINE Okt\u00f3ber \u2013 December 2019 Z\u013eavov\u00fd k\u00f3d \u010c\u00cdTA\u0164 ONLINE J\u00fal \u2013 September 2019 Z\u013eavov\u00fd k\u00f3d \u010c\u00cdTA\u0164 ONLINE Apr\u00edl \u2013 J\u00fan 2019 Z\u013eavov\u00fd k\u00f3d \u010c\u00cdTA\u0164 ONLINE Janu\u00e1r \u2013 Marec 2019 Z\u013eavov\u00fd k\u00f3d \u010c\u00cdTA\u0164 ONLINE<\/p>\n","protected":false},"author":1,"featured_media":0,"parent":0,"menu_order":0,"comment_status":"closed","ping_status":"closed","template":"page-fullwidth.php","meta":{"footnotes":""},"class_list":["post-213","page","type-page","status-publish","hentry"],"aioseo_notices":[],"_links":{"self":[{"href":"https:\/\/www.magickazena.sk\/magazin\/wp-json\/wp\/v2\/pages\/213","targetHints":{"allow":["GET"]}}],"collection":[{"href":"https:\/\/www.magickazena.sk\/magazin\/wp-json\/wp\/v2\/pages"}],"about":[{"href":"https:\/\/www.magickazena.sk\/magazin\/wp-json\/wp\/v2\/types\/page"}],"author":[{"embeddable":true,"href":"https:\/\/www.magickazena.sk\/magazin\/wp-json\/wp\/v2\/users\/1"}],"replies":[{"embeddable":true,"href":"https:\/\/www.magickazena.sk\/magazin\/wp-json\/wp\/v2\/comments?post=213"}],"version-history":[{"count":51,"href":"https:\/\/www.magickazena.sk\/magazin\/wp-json\/wp\/v2\/pages\/213\/revisions"}],"predecessor-version":[{"id":4144,"href":"https:\/\/www.magickazena.sk\/magazin\/wp-json\/wp\/v2\/pages\/213\/revisions\/4144"}],"wp:attachment":[{"href":"https:\/\/www.magickazena.sk\/magazin\/wp-json\/wp\/v2\/media?parent=213"}],"curies":[{"name":"wp","href":"https:\/\/api.w.org\/{rel}","templated":true}]}}