{"id":90,"date":"2017-05-09T22:22:00","date_gmt":"2017-05-09T22:22:00","guid":{"rendered":"http:\/\/solopine.com\/alder\/?page_id=90"},"modified":"2020-10-15T09:08:59","modified_gmt":"2020-10-15T07:08:59","slug":"kontakt-2","status":"publish","type":"page","link":"https:\/\/www.magickazena.sk\/magazin\/kontakt-2\/","title":{"rendered":"Kontakt"},"content":{"rendered":"<p>M\u00e1te n\u00e1pady na zauj\u00edmav\u00e9 t\u00e9my, o ktor\u00fdch by ste si v Magickej \u017eene radi pre\u010d\u00edtali? Pozn\u00e1te \u013eud\u00ed, ktor\u00ed sa venuj\u00fa netradi\u010dnej profesii a mali by sme s nimi pod\u013ea V\u00e1s urobi\u0165 rozhovor? Chceli by ste sa n\u00e1s nie\u010do op\u00fdta\u0165 alebo nap\u00edsa\u0165 do poradne so Zanou? Nev\u00e1hajte n\u00e1s kontaktova\u0165 cez formul\u00e1r.<\/p>\n\n<div class=\"wpcf7 no-js\" id=\"wpcf7-f5-o1\" lang=\"sk-SK\" dir=\"ltr\" data-wpcf7-id=\"5\">\n<div class=\"screen-reader-response\"><p role=\"status\" aria-live=\"polite\" aria-atomic=\"true\"><\/p> <ul><\/ul><\/div>\n<form action=\"\/magazin\/wp-json\/wp\/v2\/pages\/90#wpcf7-f5-o1\" method=\"post\" class=\"wpcf7-form init\" aria-label=\"Kontaktn\u00fd formul\u00e1r\" novalidate=\"novalidate\" data-status=\"init\">\n<fieldset class=\"hidden-fields-container\"><input type=\"hidden\" name=\"_wpcf7\" value=\"5\" \/><input type=\"hidden\" name=\"_wpcf7_version\" value=\"6.1.4\" \/><input type=\"hidden\" name=\"_wpcf7_locale\" value=\"sk_SK\" \/><input type=\"hidden\" name=\"_wpcf7_unit_tag\" value=\"wpcf7-f5-o1\" \/><input type=\"hidden\" name=\"_wpcf7_container_post\" value=\"0\" \/><input type=\"hidden\" name=\"_wpcf7_posted_data_hash\" value=\"\" \/><input type=\"hidden\" name=\"_wpcf7_recaptcha_response\" value=\"\" \/>\n<\/fieldset>\n<p><label> Meno (povinn\u00e9 pole)<br \/>\n<span class=\"wpcf7-form-control-wrap\" data-name=\"your-name\"><input size=\"40\" maxlength=\"400\" class=\"wpcf7-form-control wpcf7-text wpcf7-validates-as-required\" aria-required=\"true\" aria-invalid=\"false\" value=\"\" type=\"text\" name=\"your-name\" \/><\/span> <\/label>\n<\/p>\n<p><label> Email (povinn\u00e9 pole)<br \/>\n<span class=\"wpcf7-form-control-wrap\" data-name=\"your-email\"><input size=\"40\" maxlength=\"400\" class=\"wpcf7-form-control wpcf7-email wpcf7-validates-as-required wpcf7-text wpcf7-validates-as-email\" aria-required=\"true\" aria-invalid=\"false\" value=\"\" type=\"email\" name=\"your-email\" \/><\/span> <\/label>\n<\/p>\n<p><label> Predmet<br \/>\n<span class=\"wpcf7-form-control-wrap\" data-name=\"your-subject\"><input size=\"40\" maxlength=\"400\" class=\"wpcf7-form-control wpcf7-text\" aria-invalid=\"false\" value=\"\" type=\"text\" name=\"your-subject\" \/><\/span> <\/label>\n<\/p>\n<p><label> Spr\u00e1va<br \/>\n<span class=\"wpcf7-form-control-wrap\" data-name=\"your-message\"><textarea cols=\"40\" rows=\"10\" maxlength=\"2000\" class=\"wpcf7-form-control wpcf7-textarea\" aria-invalid=\"false\" name=\"your-message\"><\/textarea><\/span> <\/label>\n<\/p>\n<p><input class=\"wpcf7-form-control wpcf7-submit has-spinner\" type=\"submit\" value=\"Posla\u0165\" \/>\n<\/p><div class=\"wpcf7-response-output\" aria-hidden=\"true\"><\/div>\n<\/form>\n<\/div>\n\n","protected":false},"excerpt":{"rendered":"<p>M\u00e1te n\u00e1pady na zauj\u00edmav\u00e9 t\u00e9my, o ktor\u00fdch by ste si v Magickej \u017eene radi pre\u010d\u00edtali? Pozn\u00e1te \u013eud\u00ed, ktor\u00ed sa venuj\u00fa netradi\u010dnej profesii a mali by sme s nimi pod\u013ea V\u00e1s urobi\u0165 rozhovor? Chceli by ste sa n\u00e1s nie\u010do op\u00fdta\u0165 alebo nap\u00edsa\u0165 do poradne so Zanou? Nev\u00e1hajte n\u00e1s kontaktova\u0165 cez formul\u00e1r.<\/p>\n","protected":false},"author":1,"featured_media":0,"parent":0,"menu_order":0,"comment_status":"closed","ping_status":"closed","template":"","meta":{"footnotes":""},"class_list":["post-90","page","type-page","status-publish","hentry"],"aioseo_notices":[],"_links":{"self":[{"href":"https:\/\/www.magickazena.sk\/magazin\/wp-json\/wp\/v2\/pages\/90","targetHints":{"allow":["GET"]}}],"collection":[{"href":"https:\/\/www.magickazena.sk\/magazin\/wp-json\/wp\/v2\/pages"}],"about":[{"href":"https:\/\/www.magickazena.sk\/magazin\/wp-json\/wp\/v2\/types\/page"}],"author":[{"embeddable":true,"href":"https:\/\/www.magickazena.sk\/magazin\/wp-json\/wp\/v2\/users\/1"}],"replies":[{"embeddable":true,"href":"https:\/\/www.magickazena.sk\/magazin\/wp-json\/wp\/v2\/comments?post=90"}],"version-history":[{"count":3,"href":"https:\/\/www.magickazena.sk\/magazin\/wp-json\/wp\/v2\/pages\/90\/revisions"}],"predecessor-version":[{"id":892,"href":"https:\/\/www.magickazena.sk\/magazin\/wp-json\/wp\/v2\/pages\/90\/revisions\/892"}],"wp:attachment":[{"href":"https:\/\/www.magickazena.sk\/magazin\/wp-json\/wp\/v2\/media?parent=90"}],"curies":[{"name":"wp","href":"https:\/\/api.w.org\/{rel}","templated":true}]}}